{"id":21,"date":"2021-02-19T19:11:18","date_gmt":"2021-02-19T17:11:18","guid":{"rendered":"https:\/\/sunbowling.fi\/?page_id=21"},"modified":"2024-07-12T15:40:36","modified_gmt":"2024-07-12T12:40:36","slug":"yhteystiedot","status":"publish","type":"page","link":"https:\/\/sunbowling.fi\/?page_id=21","title":{"rendered":"Yhteystiedot"},"content":{"rendered":"\n<h2 class=\"wp-block-heading\">Yhteystiedot<\/h2>\n\n\n\n<p>Sun Bowling Oy \/ Kalajoen keilahalli<br>Jukupolku 3<br>85100 Kalajoki<\/p>\n\n\n\n<p>\u260e <a href=\"tel: 0103412431\">010 3412 43<\/a>0<br>\u2709 <a href=\"mailto:keilailu@kalajoenkeilahalli.fi\">keilailu@kalajoenkeilahalli.fi<\/a><\/p>\n\n\n\n<p><a rel=\"noreferrer noopener\" href=\"https:\/\/www.google.fi\/maps\/@64.2317618,23.8114671,16z?entry=ttu\" data-type=\"URL\" target=\"_blank\"><em>Keilahalli sijaitsee<\/em><\/a> (klik avaa kartta) kylpyl\u00e4n 8-tien p\u00e4\u00e4dyss\u00e4.<\/p>\n\n\n\n<p><\/p>\n\n\n\n<p><\/p>\n\n\n\n<p style=\"font-size:22px\"><a rel=\"noreferrer noopener\" href=\"https:\/\/www.google.com\/maps\/place\/SunBowling+Oy\/@64.2321701,23.8106202,17z\/data=!3m1!4b1!4m5!3m4!1s0x4680c11dd285656f:0x501382f5913835d6!8m2!3d64.2320669!4d23.8125428?hl=fi-FI\" target=\"_blank\"><strong>SunBowling Oy<\/strong><\/a><\/p>\n\n\n\n<h3 class=\"wp-block-heading\"><\/h3>\n\n\n\n<h3 class=\"wp-block-heading\">Keilahallit:<\/h3>\n\n\n\n<p><a href=\"http:\/\/www.kokkolankeilahalli.fi\/\" target=\"_blank\" rel=\"noreferrer noopener\"><strong>Kokkolan keilahalli<\/strong><\/a><\/p>\n\n\n\n<p><a href=\"http:\/\/keilailuliitto.ylivieska.fi\/\" target=\"_blank\" rel=\"noreferrer noopener\"><strong>Ylivieskan keilahalli<\/strong><\/a><\/p>\n\n\n\n<p><a href=\"http:\/\/raahenkeilailuliitto.yhdistysavain.fi\/raahen-keilailuliitto\/\" target=\"_blank\" rel=\"noreferrer noopener\"><strong>Raahen keilahalli<\/strong><\/a><\/p>\n\n\n\n<p><a href=\"http:\/\/www.keilailu.nettihotelli.com\/pietarsaari\/\" target=\"_blank\" rel=\"noreferrer noopener\"><strong>Pietarsaaren keilahalli<\/strong><\/a><\/p>\n\n\n\n<p><a href=\"https:\/\/split45.fi\/\" target=\"_blank\" rel=\"noreferrer noopener\"><strong>Haapaj\u00e4rven keilahalli<\/strong><\/a><\/p>\n\n\n\n<p><a href=\"http:\/\/www.oulunkeilahalli.fi\/\" target=\"_blank\" rel=\"noreferrer noopener\"><strong>Oulun keilahalli<\/strong><\/a>&nbsp;(Hein\u00e4p\u00e4\u00e4)<\/p>\n\n\n\n<p><a href=\"https:\/\/pelixir.fi\/\" target=\"_blank\" rel=\"noreferrer noopener\"><strong>Pelixir Oulu<\/strong><\/a><\/p>\n\n\n\n<p><a href=\"http:\/\/www.kruunupyynkeilahalli.com\/\" target=\"_blank\" rel=\"noreferrer noopener\"><strong>Kruunupyyn keilahalli<\/strong><\/a><\/p>\n\n\n\n<p><a href=\"https:\/\/puistobowling.fi\/\" target=\"_blank\" rel=\"noreferrer noopener\"><strong>Kajaanin keilahalli<\/strong><\/a><\/p>\n\n\n\n<p><a href=\"http:\/\/www.bowlcircus.com\/vuokatti-esittely\" target=\"_blank\" rel=\"noreferrer noopener\"><strong>BowlCircus<\/strong><\/a>&nbsp;Vuokatti<\/p>\n\n\n\n<p><a href=\"http:\/\/www.vklvbf.com\/\" target=\"_blank\" rel=\"noreferrer noopener\"><strong>Vaasan keilahalli<\/strong><\/a><\/p>\n\n\n\n<p><a href=\"http:\/\/www.kuortane.com\/keilailu.html\" target=\"_blank\" rel=\"noreferrer noopener\"><strong>Kuortaneen keilahalli ja valmennuskeskus<\/strong><\/a><\/p>\n\n\n\n<p><a rel=\"noreferrer noopener\" href=\"http:\/\/www.sqb.fi\/kisat\/keilakisat.html\" target=\"_blank\"><strong>Sein\u00e4joen <\/strong><\/a><strong><a href=\"https:\/\/seinajoenkeilahalli.fi\/\" target=\"_blank\" rel=\"noreferrer noopener\">keilailu<\/a><\/strong><\/p>\n\n\n\n<p><a target=\"_blank\" href=\"http:\/\/www.kiuruvedenkeilahalli.net\/\" rel=\"noreferrer noopener\"><strong>Kiuruveden keilahalli<\/strong><\/a><\/p>\n\n\n\n<p><a target=\"_blank\" href=\"http:\/\/www.pyhajarvenkeilahalli.net\/\" rel=\"noreferrer noopener\"><strong>Pyh\u00e4j\u00e4rven keilahalli<\/strong><\/a><\/p>\n\n\n\n<p><a target=\"_blank\" href=\"http:\/\/www.kolumbus.fi\/vikingbowling\/\" rel=\"noreferrer noopener\"><strong>V\u00f6yrin keilahalli<\/strong><\/a><\/p>\n\n\n\n<p><a href=\"https:\/\/tornio.kemi-torniokeilailu.com\/keilahalli\/\" target=\"_blank\" rel=\"noreferrer noopener\"><strong>Tornion keilahalli<\/strong><\/a><\/p>\n\n\n\n<p><a target=\"_blank\" href=\"http:\/\/www.keminkeilajatennishalli.com\/\" rel=\"noreferrer noopener\"><strong>Kemin keilahalli<\/strong><\/a><\/p>\n\n\n\n<p><a rel=\"noreferrer noopener\" target=\"_blank\" href=\"http:\/\/www.keilailu.fi\/\"><strong>Suomen keilailuliitto<\/strong><\/a><\/p>\n","protected":false},"excerpt":{"rendered":"<p>Yhteystiedot Sun Bowling Oy \/ Kalajoen keilahalliJukupolku 385100 Kalajoki \u260e 010 3412 430\u2709 keilailu@kalajoenkeilahalli.fi Keilahalli sijaitsee (klik avaa kartta) kylpyl\u00e4n 8-tien p\u00e4\u00e4dyss\u00e4. SunBowling Oy Keilahallit:&hellip;<\/p>\n","protected":false},"author":1,"featured_media":0,"parent":0,"menu_order":0,"comment_status":"closed","ping_status":"closed","template":"","meta":{"footnotes":""},"class_list":["post-21","page","type-page","status-publish","hentry"],"_links":{"self":[{"href":"https:\/\/sunbowling.fi\/index.php?rest_route=\/wp\/v2\/pages\/21","targetHints":{"allow":["GET"]}}],"collection":[{"href":"https:\/\/sunbowling.fi\/index.php?rest_route=\/wp\/v2\/pages"}],"about":[{"href":"https:\/\/sunbowling.fi\/index.php?rest_route=\/wp\/v2\/types\/page"}],"author":[{"embeddable":true,"href":"https:\/\/sunbowling.fi\/index.php?rest_route=\/wp\/v2\/users\/1"}],"replies":[{"embeddable":true,"href":"https:\/\/sunbowling.fi\/index.php?rest_route=%2Fwp%2Fv2%2Fcomments&post=21"}],"version-history":[{"count":17,"href":"https:\/\/sunbowling.fi\/index.php?rest_route=\/wp\/v2\/pages\/21\/revisions"}],"predecessor-version":[{"id":365,"href":"https:\/\/sunbowling.fi\/index.php?rest_route=\/wp\/v2\/pages\/21\/revisions\/365"}],"wp:attachment":[{"href":"https:\/\/sunbowling.fi\/index.php?rest_route=%2Fwp%2Fv2%2Fmedia&parent=21"}],"curies":[{"name":"wp","href":"https:\/\/api.w.org\/{rel}","templated":true}]}}