{"id":161,"date":"2021-06-23T15:41:55","date_gmt":"2021-06-23T12:41:55","guid":{"rendered":"https:\/\/sunbowling.fi\/keilahalli-english\/"},"modified":"2021-06-23T19:30:11","modified_gmt":"2021-06-23T16:30:11","slug":"keilahalli-english","status":"publish","type":"page","link":"https:\/\/sunbowling.fi\/?page_id=161&lang=en","title":{"rendered":"Home"},"content":{"rendered":"\n<h2 class=\"wp-block-heading\" id=\"block-688199d5-74cd-4c06-8ef0-4f3a879f9c31\">Welcome<br><\/h2>\n\n\n\n<div id=\"block-5fdb0edd-6650-4f42-9d5a-5948ff4356c3\" class=\"wp-block-image\"><figure class=\"aligncenter\"><img decoding=\"async\" src=\"https:\/\/sunbowling.fi\/wp-content\/uploads\/2021\/05\/logo.png\" alt=\"T\u00e4m\u00e4n kuvan alt-attribuutti on tyhj\u00e4; Tiedoston nimi on logo.png\"\/><\/figure><\/div>\n\n\n\n<p>Experiences, relaxing leisure time and happy moments are the things what Kalajoki bowling alley will offer for you!<br>Easy-going atmosphere and professional staff will make sure that everyone will enjoy; competitioners, families, friends and bigger groups!<br>Additional bumpers for bowling alley makes sure that also youngest ones on family will get bowls to fall successfully!<\/p>\n\n\n\n<p>Let\u00b4s play also some darts and billiards! These games you will also find from us.<br>Challenge your friends and find out who has the best accuracy, like an eagle eye! Drinks and beverages from cafe prefer you for race condition.<\/p>\n\n\n\n<p>Bowling alley is situated in middle of Kalajoki Hiekkas\u00e4rk\u00e4t area, downstairs of Spa SaniFani.<br>After the bowling you can relax in spa and sauna area or have a delicious dinner in restaurants nearby, all services you will find from walking distance.<br>High standard accommodation services and verstatile activities and events offers you unforgettable visit in Kalajoki; you will want to stay little bit longer, that\u00b4s for sure!<\/p>\n\n\n\n<p>We wish you warmly welcome to bowl and find out, who is the score king of your team!<\/p>\n\n\n\n<p><em>SunBowling<\/em><br><em>Jukupolku 3<\/em><br><em>85100 Kalajoki<br><\/em><br><em><a href=\"tel:+358103412430\">+358 10 3412 430<\/a><\/em><br><a href=\"mailto:keilailu@kalajoenkeilahalli.fi\"><em>keilailu@kalajoenkeilahalli.fi<\/em><\/a><\/p>\n","protected":false},"excerpt":{"rendered":"<p>Welcome Experiences, relaxing leisure time and happy moments are the things what Kalajoki bowling alley will offer for you!Easy-going atmosphere and professional staff will make&hellip;<\/p>\n","protected":false},"author":1,"featured_media":0,"parent":0,"menu_order":0,"comment_status":"closed","ping_status":"closed","template":"","meta":{"footnotes":""},"class_list":["post-161","page","type-page","status-publish","hentry"],"_links":{"self":[{"href":"https:\/\/sunbowling.fi\/index.php?rest_route=\/wp\/v2\/pages\/161","targetHints":{"allow":["GET"]}}],"collection":[{"href":"https:\/\/sunbowling.fi\/index.php?rest_route=\/wp\/v2\/pages"}],"about":[{"href":"https:\/\/sunbowling.fi\/index.php?rest_route=\/wp\/v2\/types\/page"}],"author":[{"embeddable":true,"href":"https:\/\/sunbowling.fi\/index.php?rest_route=\/wp\/v2\/users\/1"}],"replies":[{"embeddable":true,"href":"https:\/\/sunbowling.fi\/index.php?rest_route=%2Fwp%2Fv2%2Fcomments&post=161"}],"version-history":[{"count":2,"href":"https:\/\/sunbowling.fi\/index.php?rest_route=\/wp\/v2\/pages\/161\/revisions"}],"predecessor-version":[{"id":170,"href":"https:\/\/sunbowling.fi\/index.php?rest_route=\/wp\/v2\/pages\/161\/revisions\/170"}],"wp:attachment":[{"href":"https:\/\/sunbowling.fi\/index.php?rest_route=%2Fwp%2Fv2%2Fmedia&parent=161"}],"curies":[{"name":"wp","href":"https:\/\/api.w.org\/{rel}","templated":true}]}}