{"id":14,"date":"2021-02-19T19:06:26","date_gmt":"2021-02-19T17:06:26","guid":{"rendered":"https:\/\/sunbowling.fi\/?page_id=14"},"modified":"2021-06-23T19:27:28","modified_gmt":"2021-06-23T16:27:28","slug":"keilahalli","status":"publish","type":"page","link":"https:\/\/sunbowling.fi\/","title":{"rendered":"Keilahalli"},"content":{"rendered":"\n<h2 class=\"wp-block-heading\"><strong>Tervetuloa<\/strong><\/h2>\n\n\n\n<div class=\"wp-block-image\"><figure class=\"aligncenter\"><img decoding=\"async\" src=\"https:\/\/www3.datakolmio.net:30443\/sunbowling\/wp-content\/uploads\/2021\/02\/logo.png\" alt=\"\" class=\"wp-image-7\"\/><\/figure><\/div>\n\n\n\n<p><\/p>\n\n\n\n<p>Kalajoen keilahallin toimesta pyrimme tarjoamaan asiakkaillemme el\u00e4myksi\u00e4 ja ilonhetki\u00e4 keilailun parissa. Rento ilmapiiri ja ammattitaitoinen henkil\u00f6kuntamme takaavat viihtyisi\u00e4 hetki\u00e4 niin kilpakeilaajille kuin perheille, kaveriporukoille ja suuremmillekin ryhmille. Radalle saatavat r\u00e4nniesteet pit\u00e4v\u00e4t huolen, ett\u00e4 my\u00f6s perheen pienimm\u00e4t p\u00e4\u00e4sev\u00e4t tuulettamaan onnistuneista kaadoista!<\/p>\n\n\n\n<p>Testatkaa seurueenne kesken osumatarkkuutta my\u00f6s perinteisen biljardin tai elektronisen dartsin parissa! Keilahallin kahvio B-oikeuksin pit\u00e4\u00e4 huolen kisajuomista.<\/p>\n\n\n\n<p>Keilahallimme sijaitsee Hiekkas\u00e4rkkien syd\u00e4mess\u00e4, Hilmantorin kupeessa, kylpyl\u00e4 SaniFanin alakerrassa. Keilailun j\u00e4lkeen voit pulahtaa kylpyl\u00e4n trooppiseen l\u00e4mp\u00f6\u00f6n tai nauttia herkullisen ruokailuhetken alueemme monista ravintoloista.<br>Hiekkas\u00e4rkkien kattavat ja tasokkaat majoituspalvelut sek\u00e4 monipuolisten aktiviteettien ja tapahtumien laaja kirjo takaavat unohtumattoman vierailun Kalajoella; viihdyt takuulla pidemp\u00e4\u00e4nkin!<\/p>\n\n\n\n<p>Toivotamme teid\u00e4t l\u00e4mpim\u00e4sti tervetulleeksi kisaamaan, kuka on seurueenne kaatojen kuningas!<\/p>\n\n\n\n<p><em>SunBowling<br>Jukupolku 3<br>85100 Kalajoki<\/em><\/p>\n\n\n\n<p><em><a href=\"tel:0103412430\" target=\"_blank\" rel=\"noreferrer noopener\">010 3412 430<\/a><br><a href=\"mailto:keilailu@kalajoenkeilahalli.fi\">keilailu@kalajoenkeilahalli.fi<\/a><\/em><\/p>\n\n\n\n<p><\/p>\n","protected":false},"excerpt":{"rendered":"<p>Tervetuloa Kalajoen keilahallin toimesta pyrimme tarjoamaan asiakkaillemme el\u00e4myksi\u00e4 ja ilonhetki\u00e4 keilailun parissa. Rento ilmapiiri ja ammattitaitoinen henkil\u00f6kuntamme takaavat viihtyisi\u00e4 hetki\u00e4 niin kilpakeilaajille kuin perheille, kaveriporukoille&hellip;<\/p>\n","protected":false},"author":1,"featured_media":0,"parent":0,"menu_order":0,"comment_status":"closed","ping_status":"closed","template":"","meta":{"footnotes":""},"class_list":["post-14","page","type-page","status-publish","hentry"],"_links":{"self":[{"href":"https:\/\/sunbowling.fi\/index.php?rest_route=\/wp\/v2\/pages\/14","targetHints":{"allow":["GET"]}}],"collection":[{"href":"https:\/\/sunbowling.fi\/index.php?rest_route=\/wp\/v2\/pages"}],"about":[{"href":"https:\/\/sunbowling.fi\/index.php?rest_route=\/wp\/v2\/types\/page"}],"author":[{"embeddable":true,"href":"https:\/\/sunbowling.fi\/index.php?rest_route=\/wp\/v2\/users\/1"}],"replies":[{"embeddable":true,"href":"https:\/\/sunbowling.fi\/index.php?rest_route=%2Fwp%2Fv2%2Fcomments&post=14"}],"version-history":[{"count":5,"href":"https:\/\/sunbowling.fi\/index.php?rest_route=\/wp\/v2\/pages\/14\/revisions"}],"predecessor-version":[{"id":169,"href":"https:\/\/sunbowling.fi\/index.php?rest_route=\/wp\/v2\/pages\/14\/revisions\/169"}],"wp:attachment":[{"href":"https:\/\/sunbowling.fi\/index.php?rest_route=%2Fwp%2Fv2%2Fmedia&parent=14"}],"curies":[{"name":"wp","href":"https:\/\/api.w.org\/{rel}","templated":true}]}}